{"id":13089,"date":"2020-11-04T12:57:33","date_gmt":"2020-11-04T15:57:33","guid":{"rendered":"https:\/\/startertemplatecloud.com\/e06\/?page_id=569"},"modified":"2024-11-05T11:29:24","modified_gmt":"2024-11-05T14:29:24","slug":"diretoria","status":"publish","type":"page","link":"https:\/\/sicomerciolimeira.com.br\/sic\/diretoria\/","title":{"rendered":"Diretoria"},"content":{"rendered":"\t\t<div data-elementor-type=\"wp-page\" data-elementor-id=\"13089\" class=\"elementor elementor-13089\">\n\t\t\t\t\t\t<section class=\"elementor-section elementor-top-section elementor-element elementor-element-4af3b25 elementor-section-boxed elementor-section-height-default elementor-section-height-default\" data-id=\"4af3b25\" data-element_type=\"section\" data-settings=\"{&quot;background_background&quot;:&quot;classic&quot;}\">\n\t\t\t\t\t\t\t<div class=\"elementor-background-overlay\"><\/div>\n\t\t\t\t\t\t\t<div class=\"elementor-container elementor-column-gap-default\">\n\t\t\t\t\t<div class=\"elementor-column elementor-col-100 elementor-top-column elementor-element elementor-element-cbb64db\" data-id=\"cbb64db\" data-element_type=\"column\">\n\t\t\t<div class=\"elementor-widget-wrap\">\n\t\t\t\t\t\t\t<\/div>\n\t\t<\/div>\n\t\t\t\t\t<\/div>\n\t\t<\/section>\n\t\t\t\t<section class=\"elementor-section elementor-top-section elementor-element elementor-element-fb34a84 elementor-section-height-min-height elementor-section-boxed elementor-section-height-default elementor-section-items-middle\" data-id=\"fb34a84\" data-element_type=\"section\" data-settings=\"{&quot;background_background&quot;:&quot;classic&quot;}\">\n\t\t\t\t\t\t<div class=\"elementor-container elementor-column-gap-default\">\n\t\t\t\t\t<div class=\"elementor-column elementor-col-100 elementor-top-column elementor-element elementor-element-bcb5bbb\" data-id=\"bcb5bbb\" data-element_type=\"column\">\n\t\t\t<div class=\"elementor-widget-wrap elementor-element-populated\">\n\t\t\t\t\t\t<div class=\"elementor-element elementor-element-2950a59 elementor-widget elementor-widget-heading\" data-id=\"2950a59\" data-element_type=\"widget\" data-widget_type=\"heading.default\">\n\t\t\t\t<div class=\"elementor-widget-container\">\n\t\t\t\t\t<span class=\"elementor-heading-title elementor-size-default\">gest\u00e3o<\/span>\t\t\t\t<\/div>\n\t\t\t\t<\/div>\n\t\t\t\t<div class=\"elementor-element elementor-element-006c49a elementor-widget elementor-widget-heading\" data-id=\"006c49a\" data-element_type=\"widget\" data-widget_type=\"heading.default\">\n\t\t\t\t<div class=\"elementor-widget-container\">\n\t\t\t\t\t<h2 class=\"elementor-heading-title elementor-size-default\">Diretoria do Sicom\u00e9rcio Limeira<\/h2>\t\t\t\t<\/div>\n\t\t\t\t<\/div>\n\t\t\t\t<div class=\"elementor-element elementor-element-ad4c4c2 elementor-widget elementor-widget-text-editor\" data-id=\"ad4c4c2\" data-element_type=\"widget\" data-widget_type=\"text-editor.default\">\n\t\t\t\t<div class=\"elementor-widget-container\">\n\t\t\t\t\t\t\t\t\t<p>Conhe\u00e7a os integrantes da atual diretoria do Sindicato do Com\u00e9rcio Varejista de Limeira<\/p>\t\t\t\t\t\t\t\t<\/div>\n\t\t\t\t<\/div>\n\t\t\t\t\t<\/div>\n\t\t<\/div>\n\t\t\t\t\t<\/div>\n\t\t<\/section>\n\t\t\t\t<section class=\"elementor-section elementor-top-section elementor-element elementor-element-160cf31 elementor-section-boxed elementor-section-height-default elementor-section-height-default\" data-id=\"160cf31\" data-element_type=\"section\">\n\t\t\t\t\t\t<div class=\"elementor-container elementor-column-gap-default\">\n\t\t\t\t\t<div class=\"elementor-column elementor-col-100 elementor-top-column elementor-element elementor-element-1a58652\" data-id=\"1a58652\" data-element_type=\"column\">\n\t\t\t<div class=\"elementor-widget-wrap elementor-element-populated\">\n\t\t\t\t\t\t<div class=\"elementor-element elementor-element-173b640 elementor-widget elementor-widget-text-editor\" data-id=\"173b640\" data-element_type=\"widget\" data-widget_type=\"text-editor.default\">\n\t\t\t\t<div class=\"elementor-widget-container\">\n\t\t\t\t\t\t\t\t\t<p><strong>PRESIDENTE:<\/strong> MARTIM CLEMENTINO DE MEDEIROS\u00a0<\/p><p><strong>VICE PRESIDENTE:<\/strong> ROG\u00c9RIO DELMONDI<\/p><p><strong>1\u00b0 SECRETARIO<\/strong>: LUIZ CARLOS PAULINO\u00a0<\/p><p><strong>1\u00b0 TESOUREIRO<\/strong>: PAULO SBRAGI JUNIOR<\/p><p><strong>2\u00b0 SECRETARIO:<\/strong> ROBERTO REENCOBER\u00a0<\/p><p><strong>2\u00b0 TESOUREIRO<\/strong>: RONALDO DOS SANTOS\u00a0<\/p><p>\u00a0<\/p><p><strong>MEMBROS EFETIVOS DO CONSELHO FISCAL<\/strong><\/p><p><strong>1\u00b0 TITULAR DO CONSELHO FISCAL:<\/strong> MARCIO RODRIGUES GIONOTTO\u00a0<\/p><p><strong>2\u00b0 TITULAR DO CONSELHO FISCAL:<\/strong> OSCAR TOFANELI\u00a0<\/p><p><strong>3\u00b0 TITULAR DO CONSELHO FISCAL:<\/strong> ALEXANDRE FERREIRA OTEON\u00a0<\/p><p>\u00a0<\/p><p><strong>SUPLENTES DO CONSELHO FISCAL<\/strong><\/p><p><strong>1\u00b0 SUPLENTE DO CONSELHO FISCAL:<\/strong> JO\u00c3O BATISTA DE MEDEIROS\u00a0<\/p><p><strong>2\u00b0 SUPLENTE DO CONSELHO FISCAL<\/strong>: EMANUEL ROLDAN\u00a0<\/p><p><strong>3\u00b0 SUPLENTE DO CONSELHO FISCAL:<\/strong> JOSE LAURO STRADIOTTO JUNIOR\u00a0<\/p><p>\u00a0<\/p><p><strong>DELEGADOS REPRESENTANTES JUNTO A FECOMERCIO \u2013 SP<\/strong><\/p><p><strong>1\u00b0 DELEGADO EFETIVO:<\/strong> MARTIM CLEMENTINO DE MEDEIROS<\/p><p><strong>2\u00b0 DELEGADO EFETIVO:<\/strong> ROG\u00c9RIO DELMONDI<\/p><p>\u00a0<\/p><p><strong>SUPLENTES<\/strong><\/p><p><strong>1\u00b0 DELEGADO SUPLENTE:<\/strong> RONALDO DOS SANTOS<\/p><p><strong>2\u00b0 DELEGADO SUPLENTE:<\/strong> LUIZ CARLOS PAULINO<\/p>\t\t\t\t\t\t\t\t<\/div>\n\t\t\t\t<\/div>\n\t\t\t\t\t<\/div>\n\t\t<\/div>\n\t\t\t\t\t<\/div>\n\t\t<\/section>\n\t\t\t\t<section class=\"elementor-section elementor-top-section elementor-element elementor-element-5b0b088 elementor-section-boxed elementor-section-height-default elementor-section-height-default\" data-id=\"5b0b088\" data-element_type=\"section\">\n\t\t\t\t\t\t<div class=\"elementor-container elementor-column-gap-default\">\n\t\t\t\t\t<div class=\"elementor-column elementor-col-100 elementor-top-column elementor-element elementor-element-d948e0f\" data-id=\"d948e0f\" data-element_type=\"column\">\n\t\t\t<div class=\"elementor-widget-wrap elementor-element-populated\">\n\t\t\t\t\t\t<div class=\"elementor-element elementor-element-c94a42a elementor-widget elementor-widget-heading\" data-id=\"c94a42a\" data-element_type=\"widget\" data-widget_type=\"heading.default\">\n\t\t\t\t<div class=\"elementor-widget-container\">\n\t\t\t\t\t<span class=\"elementor-heading-title elementor-size-default\">cobertura<\/span>\t\t\t\t<\/div>\n\t\t\t\t<\/div>\n\t\t\t\t<div class=\"elementor-element elementor-element-86ad36f elementor-widget elementor-widget-heading\" data-id=\"86ad36f\" data-element_type=\"widget\" data-widget_type=\"heading.default\">\n\t\t\t\t<div class=\"elementor-widget-container\">\n\t\t\t\t\t<h2 class=\"elementor-heading-title elementor-size-default\">Evento de posse<\/h2>\t\t\t\t<\/div>\n\t\t\t\t<\/div>\n\t\t\t\t<div class=\"elementor-element elementor-element-6de8198 elementor-widget elementor-widget-text-editor\" data-id=\"6de8198\" data-element_type=\"widget\" data-widget_type=\"text-editor.default\">\n\t\t\t\t<div class=\"elementor-widget-container\">\n\t\t\t\t\t\t\t\t\t<p>Confira alguns flashes do evento de posse da nova diretoria.<\/p>\t\t\t\t\t\t\t\t<\/div>\n\t\t\t\t<\/div>\n\t\t\t\t\t<\/div>\n\t\t<\/div>\n\t\t\t\t\t<\/div>\n\t\t<\/section>\n\t\t\t\t<section class=\"elementor-section elementor-top-section elementor-element elementor-element-3c5ff45 elementor-section-boxed elementor-section-height-default elementor-section-height-default\" data-id=\"3c5ff45\" data-element_type=\"section\">\n\t\t\t\t\t\t<div class=\"elementor-container elementor-column-gap-default\">\n\t\t\t\t\t<div class=\"elementor-column elementor-col-100 elementor-top-column elementor-element elementor-element-3263230\" data-id=\"3263230\" data-element_type=\"column\">\n\t\t\t<div class=\"elementor-widget-wrap elementor-element-populated\">\n\t\t\t\t\t\t<div class=\"elementor-element elementor-element-d86dabc elementor-widget elementor-widget-image-gallery\" data-id=\"d86dabc\" data-element_type=\"widget\" data-widget_type=\"image-gallery.default\">\n\t\t\t\t<div class=\"elementor-widget-container\">\n\t\t\t\t\t\t\t<div class=\"elementor-image-gallery\">\n\t\t\t<div id='gallery-1' class='gallery galleryid-13089 gallery-columns-3 gallery-size-medium_large'><figure class='gallery-item'>\n\t\t\t<div class='gallery-icon landscape'>\n\t\t\t\t<a data-elementor-open-lightbox=\"yes\" data-elementor-lightbox-slideshow=\"d86dabc\" data-elementor-lightbox-title=\"sicomercio3\" data-e-action-hash=\"#elementor-action%3Aaction%3Dlightbox%26settings%3DeyJpZCI6MTMyNzIsInVybCI6Imh0dHBzOlwvXC9zaWNvbWVyY2lvbGltZWlyYS5jb20uYnJcL3NpY1wvd3AtY29udGVudFwvdXBsb2Fkc1wvMjAyMlwvMDVcL3NpY29tZXJjaW8zLmpwZyIsInNsaWRlc2hvdyI6ImQ4NmRhYmMifQ%3D%3D\" href='https:\/\/sicomerciolimeira.com.br\/sic\/wp-content\/uploads\/2022\/05\/sicomercio3.jpg'><img fetchpriority=\"high\" decoding=\"async\" width=\"768\" height=\"576\" src=\"https:\/\/sicomerciolimeira.com.br\/sic\/wp-content\/uploads\/2022\/05\/sicomercio3-768x576.jpg\" class=\"attachment-medium_large size-medium_large\" alt=\"\" srcset=\"https:\/\/sicomerciolimeira.com.br\/sic\/wp-content\/uploads\/2022\/05\/sicomercio3-768x576.jpg 768w, https:\/\/sicomerciolimeira.com.br\/sic\/wp-content\/uploads\/2022\/05\/sicomercio3-300x225.jpg 300w, https:\/\/sicomerciolimeira.com.br\/sic\/wp-content\/uploads\/2022\/05\/sicomercio3-680x510.jpg 680w, https:\/\/sicomerciolimeira.com.br\/sic\/wp-content\/uploads\/2022\/05\/sicomercio3.jpg 1024w\" sizes=\"(max-width: 768px) 100vw, 768px\" \/><\/a>\n\t\t\t<\/div><\/figure><figure class='gallery-item'>\n\t\t\t<div class='gallery-icon landscape'>\n\t\t\t\t<a data-elementor-open-lightbox=\"yes\" data-elementor-lightbox-slideshow=\"d86dabc\" data-elementor-lightbox-title=\"sicomercio11\" data-e-action-hash=\"#elementor-action%3Aaction%3Dlightbox%26settings%3DeyJpZCI6MTMyODAsInVybCI6Imh0dHBzOlwvXC9zaWNvbWVyY2lvbGltZWlyYS5jb20uYnJcL3NpY1wvd3AtY29udGVudFwvdXBsb2Fkc1wvMjAyMlwvMDVcL3NpY29tZXJjaW8xMS5qcGciLCJzbGlkZXNob3ciOiJkODZkYWJjIn0%3D\" href='https:\/\/sicomerciolimeira.com.br\/sic\/wp-content\/uploads\/2022\/05\/sicomercio11.jpg'><img decoding=\"async\" width=\"768\" height=\"576\" src=\"https:\/\/sicomerciolimeira.com.br\/sic\/wp-content\/uploads\/2022\/05\/sicomercio11-768x576.jpg\" class=\"attachment-medium_large size-medium_large\" alt=\"\" srcset=\"https:\/\/sicomerciolimeira.com.br\/sic\/wp-content\/uploads\/2022\/05\/sicomercio11-768x576.jpg 768w, https:\/\/sicomerciolimeira.com.br\/sic\/wp-content\/uploads\/2022\/05\/sicomercio11-300x225.jpg 300w, https:\/\/sicomerciolimeira.com.br\/sic\/wp-content\/uploads\/2022\/05\/sicomercio11-680x510.jpg 680w, https:\/\/sicomerciolimeira.com.br\/sic\/wp-content\/uploads\/2022\/05\/sicomercio11.jpg 1024w\" sizes=\"(max-width: 768px) 100vw, 768px\" \/><\/a>\n\t\t\t<\/div><\/figure><figure class='gallery-item'>\n\t\t\t<div class='gallery-icon landscape'>\n\t\t\t\t<a data-elementor-open-lightbox=\"yes\" data-elementor-lightbox-slideshow=\"d86dabc\" data-elementor-lightbox-title=\"sicomercio4\" data-e-action-hash=\"#elementor-action%3Aaction%3Dlightbox%26settings%3DeyJpZCI6MTMyNzMsInVybCI6Imh0dHBzOlwvXC9zaWNvbWVyY2lvbGltZWlyYS5jb20uYnJcL3NpY1wvd3AtY29udGVudFwvdXBsb2Fkc1wvMjAyMlwvMDVcL3NpY29tZXJjaW80LmpwZyIsInNsaWRlc2hvdyI6ImQ4NmRhYmMifQ%3D%3D\" href='https:\/\/sicomerciolimeira.com.br\/sic\/wp-content\/uploads\/2022\/05\/sicomercio4.jpg'><img decoding=\"async\" width=\"768\" height=\"576\" src=\"https:\/\/sicomerciolimeira.com.br\/sic\/wp-content\/uploads\/2022\/05\/sicomercio4-768x576.jpg\" class=\"attachment-medium_large size-medium_large\" alt=\"\" srcset=\"https:\/\/sicomerciolimeira.com.br\/sic\/wp-content\/uploads\/2022\/05\/sicomercio4-768x576.jpg 768w, https:\/\/sicomerciolimeira.com.br\/sic\/wp-content\/uploads\/2022\/05\/sicomercio4-300x225.jpg 300w, https:\/\/sicomerciolimeira.com.br\/sic\/wp-content\/uploads\/2022\/05\/sicomercio4-680x510.jpg 680w, https:\/\/sicomerciolimeira.com.br\/sic\/wp-content\/uploads\/2022\/05\/sicomercio4.jpg 1024w\" sizes=\"(max-width: 768px) 100vw, 768px\" \/><\/a>\n\t\t\t<\/div><\/figure><figure class='gallery-item'>\n\t\t\t<div class='gallery-icon landscape'>\n\t\t\t\t<a data-elementor-open-lightbox=\"yes\" data-elementor-lightbox-slideshow=\"d86dabc\" data-elementor-lightbox-title=\"sicomercio6\" data-e-action-hash=\"#elementor-action%3Aaction%3Dlightbox%26settings%3DeyJpZCI6MTMyNzUsInVybCI6Imh0dHBzOlwvXC9zaWNvbWVyY2lvbGltZWlyYS5jb20uYnJcL3NpY1wvd3AtY29udGVudFwvdXBsb2Fkc1wvMjAyMlwvMDVcL3NpY29tZXJjaW82LmpwZyIsInNsaWRlc2hvdyI6ImQ4NmRhYmMifQ%3D%3D\" href='https:\/\/sicomerciolimeira.com.br\/sic\/wp-content\/uploads\/2022\/05\/sicomercio6.jpg'><img loading=\"lazy\" decoding=\"async\" width=\"768\" height=\"576\" src=\"https:\/\/sicomerciolimeira.com.br\/sic\/wp-content\/uploads\/2022\/05\/sicomercio6-768x576.jpg\" class=\"attachment-medium_large size-medium_large\" alt=\"\" srcset=\"https:\/\/sicomerciolimeira.com.br\/sic\/wp-content\/uploads\/2022\/05\/sicomercio6-768x576.jpg 768w, https:\/\/sicomerciolimeira.com.br\/sic\/wp-content\/uploads\/2022\/05\/sicomercio6-300x225.jpg 300w, https:\/\/sicomerciolimeira.com.br\/sic\/wp-content\/uploads\/2022\/05\/sicomercio6-680x510.jpg 680w, https:\/\/sicomerciolimeira.com.br\/sic\/wp-content\/uploads\/2022\/05\/sicomercio6.jpg 1024w\" sizes=\"(max-width: 768px) 100vw, 768px\" \/><\/a>\n\t\t\t<\/div><\/figure><figure class='gallery-item'>\n\t\t\t<div class='gallery-icon landscape'>\n\t\t\t\t<a data-elementor-open-lightbox=\"yes\" data-elementor-lightbox-slideshow=\"d86dabc\" data-elementor-lightbox-title=\"sicomercio5\" data-e-action-hash=\"#elementor-action%3Aaction%3Dlightbox%26settings%3DeyJpZCI6MTMyNzQsInVybCI6Imh0dHBzOlwvXC9zaWNvbWVyY2lvbGltZWlyYS5jb20uYnJcL3NpY1wvd3AtY29udGVudFwvdXBsb2Fkc1wvMjAyMlwvMDVcL3NpY29tZXJjaW81LmpwZyIsInNsaWRlc2hvdyI6ImQ4NmRhYmMifQ%3D%3D\" href='https:\/\/sicomerciolimeira.com.br\/sic\/wp-content\/uploads\/2022\/05\/sicomercio5.jpg'><img loading=\"lazy\" decoding=\"async\" width=\"768\" height=\"576\" src=\"https:\/\/sicomerciolimeira.com.br\/sic\/wp-content\/uploads\/2022\/05\/sicomercio5-768x576.jpg\" class=\"attachment-medium_large size-medium_large\" alt=\"\" srcset=\"https:\/\/sicomerciolimeira.com.br\/sic\/wp-content\/uploads\/2022\/05\/sicomercio5-768x576.jpg 768w, https:\/\/sicomerciolimeira.com.br\/sic\/wp-content\/uploads\/2022\/05\/sicomercio5-300x225.jpg 300w, https:\/\/sicomerciolimeira.com.br\/sic\/wp-content\/uploads\/2022\/05\/sicomercio5-680x510.jpg 680w, https:\/\/sicomerciolimeira.com.br\/sic\/wp-content\/uploads\/2022\/05\/sicomercio5.jpg 1024w\" sizes=\"(max-width: 768px) 100vw, 768px\" \/><\/a>\n\t\t\t<\/div><\/figure><figure class='gallery-item'>\n\t\t\t<div class='gallery-icon landscape'>\n\t\t\t\t<a data-elementor-open-lightbox=\"yes\" data-elementor-lightbox-slideshow=\"d86dabc\" data-elementor-lightbox-title=\"sicomercio9\" data-e-action-hash=\"#elementor-action%3Aaction%3Dlightbox%26settings%3DeyJpZCI6MTMyNzgsInVybCI6Imh0dHBzOlwvXC9zaWNvbWVyY2lvbGltZWlyYS5jb20uYnJcL3NpY1wvd3AtY29udGVudFwvdXBsb2Fkc1wvMjAyMlwvMDVcL3NpY29tZXJjaW85LmpwZyIsInNsaWRlc2hvdyI6ImQ4NmRhYmMifQ%3D%3D\" href='https:\/\/sicomerciolimeira.com.br\/sic\/wp-content\/uploads\/2022\/05\/sicomercio9.jpg'><img loading=\"lazy\" decoding=\"async\" width=\"768\" height=\"576\" src=\"https:\/\/sicomerciolimeira.com.br\/sic\/wp-content\/uploads\/2022\/05\/sicomercio9-768x576.jpg\" class=\"attachment-medium_large size-medium_large\" alt=\"\" srcset=\"https:\/\/sicomerciolimeira.com.br\/sic\/wp-content\/uploads\/2022\/05\/sicomercio9-768x576.jpg 768w, https:\/\/sicomerciolimeira.com.br\/sic\/wp-content\/uploads\/2022\/05\/sicomercio9-300x225.jpg 300w, https:\/\/sicomerciolimeira.com.br\/sic\/wp-content\/uploads\/2022\/05\/sicomercio9-680x510.jpg 680w, https:\/\/sicomerciolimeira.com.br\/sic\/wp-content\/uploads\/2022\/05\/sicomercio9.jpg 1024w\" sizes=\"(max-width: 768px) 100vw, 768px\" \/><\/a>\n\t\t\t<\/div><\/figure>\n\t\t<\/div>\n\t\t<\/div>\n\t\t\t\t\t\t<\/div>\n\t\t\t\t<\/div>\n\t\t\t\t\t<\/div>\n\t\t<\/div>\n\t\t\t\t\t<\/div>\n\t\t<\/section>\n\t\t\t\t<section class=\"elementor-section elementor-top-section elementor-element elementor-element-0999fd8 elementor-hidden-tablet elementor-hidden-phone elementor-section-boxed elementor-section-height-default elementor-section-height-default\" data-id=\"0999fd8\" data-element_type=\"section\">\n\t\t\t\t\t\t<div class=\"elementor-container elementor-column-gap-default\">\n\t\t\t\t\t<div class=\"elementor-column elementor-col-100 elementor-top-column elementor-element elementor-element-80a9dcb\" data-id=\"80a9dcb\" data-element_type=\"column\">\n\t\t\t<div class=\"elementor-widget-wrap elementor-element-populated\">\n\t\t\t\t\t\t<div class=\"elementor-element elementor-element-b314082 elementor-widget-divider--view-line elementor-widget elementor-widget-divider\" data-id=\"b314082\" data-element_type=\"widget\" data-widget_type=\"divider.default\">\n\t\t\t\t<div class=\"elementor-widget-container\">\n\t\t\t\t\t\t\t<div class=\"elementor-divider\">\n\t\t\t<span class=\"elementor-divider-separator\">\n\t\t\t\t\t\t<\/span>\n\t\t<\/div>\n\t\t\t\t\t\t<\/div>\n\t\t\t\t<\/div>\n\t\t\t\t\t<\/div>\n\t\t<\/div>\n\t\t\t\t\t<\/div>\n\t\t<\/section>\n\t\t\t\t<section class=\"elementor-section elementor-top-section elementor-element elementor-element-fcfb2f9 elementor-section-height-min-height elementor-section-boxed elementor-section-height-default elementor-section-items-middle\" data-id=\"fcfb2f9\" data-element_type=\"section\" data-settings=\"{&quot;background_background&quot;:&quot;classic&quot;}\">\n\t\t\t\t\t\t<div class=\"elementor-container elementor-column-gap-default\">\n\t\t\t\t\t<div class=\"elementor-column elementor-col-100 elementor-top-column elementor-element elementor-element-9ca5383\" data-id=\"9ca5383\" data-element_type=\"column\">\n\t\t\t<div class=\"elementor-widget-wrap elementor-element-populated\">\n\t\t\t\t\t\t<div class=\"elementor-element elementor-element-572a506 elementor-widget elementor-widget-heading\" data-id=\"572a506\" data-element_type=\"widget\" data-widget_type=\"heading.default\">\n\t\t\t\t<div class=\"elementor-widget-container\">\n\t\t\t\t\t<h2 class=\"elementor-heading-title elementor-size-default\">Fale conosco!<\/h2>\t\t\t\t<\/div>\n\t\t\t\t<\/div>\n\t\t\t\t<div class=\"elementor-element elementor-element-9e41726 elementor-widget elementor-widget-text-editor\" data-id=\"9e41726\" data-element_type=\"widget\" data-widget_type=\"text-editor.default\">\n\t\t\t\t<div class=\"elementor-widget-container\">\n\t\t\t\t\t\t\t\t\t<p>Clique no bot\u00e3o abaixo e conhe\u00e7a todas as vantagens de ser nosso associado!<\/p>\t\t\t\t\t\t\t\t<\/div>\n\t\t\t\t<\/div>\n\t\t\t\t<div class=\"elementor-element elementor-element-7072fe0 elementor-align-center elementor-widget elementor-widget-button\" data-id=\"7072fe0\" data-element_type=\"widget\" data-widget_type=\"button.default\">\n\t\t\t\t<div class=\"elementor-widget-container\">\n\t\t\t\t\t\t\t\t\t<div class=\"elementor-button-wrapper\">\n\t\t\t\t\t<a class=\"elementor-button elementor-button-link elementor-size-lg\" href=\"https:\/\/api.whatsapp.com\/send?phone=5519994165559&#038;text=Ol%C3%A1%21+Como+podemos+te+ajudar%3F\">\n\t\t\t\t\t\t<span class=\"elementor-button-content-wrapper\">\n\t\t\t\t\t\t\t\t\t<span class=\"elementor-button-text\">Chamar no WhatsApp<\/span>\n\t\t\t\t\t<\/span>\n\t\t\t\t\t<\/a>\n\t\t\t\t<\/div>\n\t\t\t\t\t\t\t\t<\/div>\n\t\t\t\t<\/div>\n\t\t\t\t\t<\/div>\n\t\t<\/div>\n\t\t\t\t\t<\/div>\n\t\t<\/section>\n\t\t\t\t<\/div>\n\t\t","protected":false},"excerpt":{"rendered":"<p>gest\u00e3o Diretoria do Sicom\u00e9rcio Limeira Conhe\u00e7a os integrantes da atual diretoria do Sindicato do Com\u00e9rcio Varejista de Limeira PRESIDENTE: MARTIM CLEMENTINO DE MEDEIROS\u00a0 VICE PRESIDENTE: ROG\u00c9RIO DELMONDI 1\u00b0 SECRETARIO: LUIZ CARLOS PAULINO\u00a0 1\u00b0 TESOUREIRO: PAULO SBRAGI JUNIOR 2\u00b0 SECRETARIO: ROBERTO REENCOBER\u00a0 2\u00b0 TESOUREIRO: RONALDO DOS SANTOS\u00a0 \u00a0 MEMBROS EFETIVOS DO CONSELHO FISCAL 1\u00b0 TITULAR DO&#8230;<\/p>\n","protected":false},"author":2,"featured_media":0,"parent":0,"menu_order":0,"comment_status":"closed","ping_status":"closed","template":"elementor_header_footer","meta":{"_kad_post_transparent":"","_kad_post_title":"hide","_kad_post_layout":"fullwidth","_kad_post_sidebar_id":"","_kad_post_content_style":"unboxed","_kad_post_vertical_padding":"hide","_kad_post_feature":"hide","_kad_post_feature_position":"","_kad_post_header":false,"_kad_post_footer":false,"_joinchat":[],"footnotes":""},"class_list":["post-13089","page","type-page","status-publish","hentry"],"_links":{"self":[{"href":"https:\/\/sicomerciolimeira.com.br\/sic\/wp-json\/wp\/v2\/pages\/13089","targetHints":{"allow":["GET"]}}],"collection":[{"href":"https:\/\/sicomerciolimeira.com.br\/sic\/wp-json\/wp\/v2\/pages"}],"about":[{"href":"https:\/\/sicomerciolimeira.com.br\/sic\/wp-json\/wp\/v2\/types\/page"}],"author":[{"embeddable":true,"href":"https:\/\/sicomerciolimeira.com.br\/sic\/wp-json\/wp\/v2\/users\/2"}],"replies":[{"embeddable":true,"href":"https:\/\/sicomerciolimeira.com.br\/sic\/wp-json\/wp\/v2\/comments?post=13089"}],"version-history":[{"count":25,"href":"https:\/\/sicomerciolimeira.com.br\/sic\/wp-json\/wp\/v2\/pages\/13089\/revisions"}],"predecessor-version":[{"id":14283,"href":"https:\/\/sicomerciolimeira.com.br\/sic\/wp-json\/wp\/v2\/pages\/13089\/revisions\/14283"}],"wp:attachment":[{"href":"https:\/\/sicomerciolimeira.com.br\/sic\/wp-json\/wp\/v2\/media?parent=13089"}],"curies":[{"name":"wp","href":"https:\/\/api.w.org\/{rel}","templated":true}]}}