{"id":13429,"date":"2022-05-14T12:49:16","date_gmt":"2022-05-14T15:49:16","guid":{"rendered":"http:\/\/sicomerciolimeira.com.br\/sic\/?page_id=13429"},"modified":"2024-11-05T11:30:16","modified_gmt":"2024-11-05T14:30:16","slug":"locacao","status":"publish","type":"page","link":"http:\/\/sicomerciolimeira.com.br\/sic\/locacao\/","title":{"rendered":"Loca\u00e7\u00e3o"},"content":{"rendered":"\t\t<div data-elementor-type=\"wp-page\" data-elementor-id=\"13429\" class=\"elementor elementor-13429\">\n\t\t\t\t\t\t<section class=\"elementor-section elementor-top-section elementor-element elementor-element-4af3b25 elementor-section-boxed elementor-section-height-default elementor-section-height-default\" data-id=\"4af3b25\" data-element_type=\"section\" data-settings=\"{&quot;background_background&quot;:&quot;classic&quot;}\">\n\t\t\t\t\t\t\t<div class=\"elementor-background-overlay\"><\/div>\n\t\t\t\t\t\t\t<div class=\"elementor-container elementor-column-gap-default\">\n\t\t\t\t\t<div class=\"elementor-column elementor-col-100 elementor-top-column elementor-element elementor-element-76ea0fb\" data-id=\"76ea0fb\" data-element_type=\"column\">\n\t\t\t<div class=\"elementor-widget-wrap\">\n\t\t\t\t\t\t\t<\/div>\n\t\t<\/div>\n\t\t\t\t\t<\/div>\n\t\t<\/section>\n\t\t\t\t<section class=\"elementor-section elementor-top-section elementor-element elementor-element-7688e6a elementor-section-boxed elementor-section-height-default elementor-section-height-default\" data-id=\"7688e6a\" data-element_type=\"section\" data-settings=\"{&quot;background_background&quot;:&quot;classic&quot;}\">\n\t\t\t\t\t\t<div class=\"elementor-container elementor-column-gap-default\">\n\t\t\t\t\t<div class=\"elementor-column elementor-col-100 elementor-top-column elementor-element elementor-element-364ddda\" data-id=\"364ddda\" data-element_type=\"column\">\n\t\t\t<div class=\"elementor-widget-wrap elementor-element-populated\">\n\t\t\t\t\t\t<div class=\"elementor-element elementor-element-2950a59 elementor-widget elementor-widget-heading\" data-id=\"2950a59\" data-element_type=\"widget\" data-widget_type=\"heading.default\">\n\t\t\t\t<div class=\"elementor-widget-container\">\n\t\t\t\t\t<span class=\"elementor-heading-title elementor-size-default\">servi\u00e7o<\/span>\t\t\t\t<\/div>\n\t\t\t\t<\/div>\n\t\t\t\t<div class=\"elementor-element elementor-element-006c49a elementor-widget elementor-widget-heading\" data-id=\"006c49a\" data-element_type=\"widget\" data-widget_type=\"heading.default\">\n\t\t\t\t<div class=\"elementor-widget-container\">\n\t\t\t\t\t<h2 class=\"elementor-heading-title elementor-size-default\">Loca\u00e7\u00e3o de Salas<\/h2>\t\t\t\t<\/div>\n\t\t\t\t<\/div>\n\t\t\t\t<div class=\"elementor-element elementor-element-ad4c4c2 elementor-widget elementor-widget-text-editor\" data-id=\"ad4c4c2\" data-element_type=\"widget\" data-widget_type=\"text-editor.default\">\n\t\t\t\t<div class=\"elementor-widget-container\">\n\t\t\t\t\t\t\t\t\t<p>O Sicom\u00e9rcio Limeira disponibiliza diversas Salas e seu Anfiteatro para Loca\u00e7\u00e3o.<\/p>\t\t\t\t\t\t\t\t<\/div>\n\t\t\t\t<\/div>\n\t\t\t\t\t<\/div>\n\t\t<\/div>\n\t\t\t\t\t<\/div>\n\t\t<\/section>\n\t\t\t\t<section class=\"elementor-section elementor-top-section elementor-element elementor-element-1a58e4e elementor-section-boxed elementor-section-height-default elementor-section-height-default\" data-id=\"1a58e4e\" data-element_type=\"section\">\n\t\t\t\t\t\t<div class=\"elementor-container elementor-column-gap-default\">\n\t\t\t\t\t<div class=\"elementor-column elementor-col-100 elementor-top-column elementor-element elementor-element-681039e\" data-id=\"681039e\" data-element_type=\"column\">\n\t\t\t<div class=\"elementor-widget-wrap elementor-element-populated\">\n\t\t\t\t\t\t<div class=\"elementor-element elementor-element-d3d2b88 elementor-widget elementor-widget-image-gallery\" data-id=\"d3d2b88\" data-element_type=\"widget\" data-widget_type=\"image-gallery.default\">\n\t\t\t\t<div class=\"elementor-widget-container\">\n\t\t\t\t\t\t\t<div class=\"elementor-image-gallery\">\n\t\t\t<div id='gallery-1' class='gallery galleryid-13429 gallery-columns-3 gallery-size-full'><figure class='gallery-item'>\n\t\t\t<div class='gallery-icon landscape'>\n\t\t\t\t<a data-elementor-open-lightbox=\"yes\" data-elementor-lightbox-slideshow=\"d3d2b88\" data-elementor-lightbox-title=\"image (2)\" data-e-action-hash=\"#elementor-action%3Aaction%3Dlightbox%26settings%3DeyJpZCI6MTM0MzIsInVybCI6Imh0dHA6XC9cL3NpY29tZXJjaW9saW1laXJhLmNvbS5iclwvc2ljXC93cC1jb250ZW50XC91cGxvYWRzXC8yMDIyXC8wNVwvaW1hZ2UtMi0xLnBuZyIsInNsaWRlc2hvdyI6ImQzZDJiODgifQ%3D%3D\" href='http:\/\/sicomerciolimeira.com.br\/sic\/wp-content\/uploads\/2022\/05\/image-2-1.png'><img fetchpriority=\"high\" decoding=\"async\" width=\"1024\" height=\"768\" src=\"http:\/\/sicomerciolimeira.com.br\/sic\/wp-content\/uploads\/2022\/05\/image-2-1.png\" class=\"attachment-full size-full\" alt=\"\" srcset=\"http:\/\/sicomerciolimeira.com.br\/sic\/wp-content\/uploads\/2022\/05\/image-2-1.png 1024w, http:\/\/sicomerciolimeira.com.br\/sic\/wp-content\/uploads\/2022\/05\/image-2-1-300x225.png 300w, http:\/\/sicomerciolimeira.com.br\/sic\/wp-content\/uploads\/2022\/05\/image-2-1-680x510.png 680w, http:\/\/sicomerciolimeira.com.br\/sic\/wp-content\/uploads\/2022\/05\/image-2-1-768x576.png 768w\" sizes=\"(max-width: 1024px) 100vw, 1024px\" \/><\/a>\n\t\t\t<\/div><\/figure><figure class='gallery-item'>\n\t\t\t<div class='gallery-icon landscape'>\n\t\t\t\t<a data-elementor-open-lightbox=\"yes\" data-elementor-lightbox-slideshow=\"d3d2b88\" data-elementor-lightbox-title=\"image (1)\" data-e-action-hash=\"#elementor-action%3Aaction%3Dlightbox%26settings%3DeyJpZCI6MTM0MzEsInVybCI6Imh0dHA6XC9cL3NpY29tZXJjaW9saW1laXJhLmNvbS5iclwvc2ljXC93cC1jb250ZW50XC91cGxvYWRzXC8yMDIyXC8wNVwvaW1hZ2UtMS0xLnBuZyIsInNsaWRlc2hvdyI6ImQzZDJiODgifQ%3D%3D\" href='http:\/\/sicomerciolimeira.com.br\/sic\/wp-content\/uploads\/2022\/05\/image-1-1.png'><img decoding=\"async\" width=\"1024\" height=\"768\" src=\"http:\/\/sicomerciolimeira.com.br\/sic\/wp-content\/uploads\/2022\/05\/image-1-1.png\" class=\"attachment-full size-full\" alt=\"\" srcset=\"http:\/\/sicomerciolimeira.com.br\/sic\/wp-content\/uploads\/2022\/05\/image-1-1.png 1024w, http:\/\/sicomerciolimeira.com.br\/sic\/wp-content\/uploads\/2022\/05\/image-1-1-300x225.png 300w, http:\/\/sicomerciolimeira.com.br\/sic\/wp-content\/uploads\/2022\/05\/image-1-1-680x510.png 680w, http:\/\/sicomerciolimeira.com.br\/sic\/wp-content\/uploads\/2022\/05\/image-1-1-768x576.png 768w\" sizes=\"(max-width: 1024px) 100vw, 1024px\" \/><\/a>\n\t\t\t<\/div><\/figure><figure class='gallery-item'>\n\t\t\t<div class='gallery-icon landscape'>\n\t\t\t\t<a data-elementor-open-lightbox=\"yes\" data-elementor-lightbox-slideshow=\"d3d2b88\" data-elementor-lightbox-title=\"image\" data-e-action-hash=\"#elementor-action%3Aaction%3Dlightbox%26settings%3DeyJpZCI6MTM0MzMsInVybCI6Imh0dHA6XC9cL3NpY29tZXJjaW9saW1laXJhLmNvbS5iclwvc2ljXC93cC1jb250ZW50XC91cGxvYWRzXC8yMDIyXC8wNVwvaW1hZ2UtMy5wbmciLCJzbGlkZXNob3ciOiJkM2QyYjg4In0%3D\" href='http:\/\/sicomerciolimeira.com.br\/sic\/wp-content\/uploads\/2022\/05\/image-3.png'><img decoding=\"async\" width=\"1024\" height=\"768\" src=\"http:\/\/sicomerciolimeira.com.br\/sic\/wp-content\/uploads\/2022\/05\/image-3.png\" class=\"attachment-full size-full\" alt=\"\" srcset=\"http:\/\/sicomerciolimeira.com.br\/sic\/wp-content\/uploads\/2022\/05\/image-3.png 1024w, http:\/\/sicomerciolimeira.com.br\/sic\/wp-content\/uploads\/2022\/05\/image-3-300x225.png 300w, http:\/\/sicomerciolimeira.com.br\/sic\/wp-content\/uploads\/2022\/05\/image-3-680x510.png 680w, http:\/\/sicomerciolimeira.com.br\/sic\/wp-content\/uploads\/2022\/05\/image-3-768x576.png 768w\" sizes=\"(max-width: 1024px) 100vw, 1024px\" \/><\/a>\n\t\t\t<\/div><\/figure>\n\t\t<\/div>\n\t\t<\/div>\n\t\t\t\t\t\t<\/div>\n\t\t\t\t<\/div>\n\t\t\t\t\t<\/div>\n\t\t<\/div>\n\t\t\t\t\t<\/div>\n\t\t<\/section>\n\t\t\t\t<section class=\"elementor-section elementor-top-section elementor-element elementor-element-2a2b726 elementor-section-boxed elementor-section-height-default elementor-section-height-default\" data-id=\"2a2b726\" data-element_type=\"section\">\n\t\t\t\t\t\t<div class=\"elementor-container elementor-column-gap-default\">\n\t\t\t\t\t<div class=\"elementor-column elementor-col-100 elementor-top-column elementor-element elementor-element-dd53b46\" data-id=\"dd53b46\" data-element_type=\"column\">\n\t\t\t<div class=\"elementor-widget-wrap elementor-element-populated\">\n\t\t\t\t\t\t<div class=\"elementor-element elementor-element-c4d6e28 elementor-widget elementor-widget-heading\" data-id=\"c4d6e28\" data-element_type=\"widget\" data-widget_type=\"heading.default\">\n\t\t\t\t<div class=\"elementor-widget-container\">\n\t\t\t\t\t<h2 class=\"elementor-heading-title elementor-size-default\">Anfiteatro<\/h2>\t\t\t\t<\/div>\n\t\t\t\t<\/div>\n\t\t\t\t\t<\/div>\n\t\t<\/div>\n\t\t\t\t\t<\/div>\n\t\t<\/section>\n\t\t\t\t<section class=\"elementor-section elementor-top-section elementor-element elementor-element-4647172 elementor-section-boxed elementor-section-height-default elementor-section-height-default\" data-id=\"4647172\" data-element_type=\"section\">\n\t\t\t\t\t\t<div class=\"elementor-container elementor-column-gap-default\">\n\t\t\t\t\t<div class=\"elementor-column elementor-col-100 elementor-top-column elementor-element elementor-element-9d37db5\" data-id=\"9d37db5\" data-element_type=\"column\">\n\t\t\t<div class=\"elementor-widget-wrap elementor-element-populated\">\n\t\t\t\t\t\t<section class=\"elementor-section elementor-inner-section elementor-element elementor-element-2d770f8 elementor-section-boxed elementor-section-height-default elementor-section-height-default\" data-id=\"2d770f8\" data-element_type=\"section\">\n\t\t\t\t\t\t<div class=\"elementor-container elementor-column-gap-default\">\n\t\t\t\t\t<div class=\"elementor-column elementor-col-50 elementor-inner-column elementor-element elementor-element-992e687\" data-id=\"992e687\" data-element_type=\"column\">\n\t\t\t<div class=\"elementor-widget-wrap elementor-element-populated\">\n\t\t\t\t\t\t<div class=\"elementor-element elementor-element-b401553 elementor-widget elementor-widget-image\" data-id=\"b401553\" data-element_type=\"widget\" data-widget_type=\"image.default\">\n\t\t\t\t<div class=\"elementor-widget-container\">\n\t\t\t\t\t\t\t\t\t\t\t\t\t\t\t<img loading=\"lazy\" decoding=\"async\" width=\"293\" height=\"300\" src=\"http:\/\/sicomerciolimeira.com.br\/sic\/wp-content\/uploads\/2022\/05\/mascote-sicomercio-copiarpng-1-293x300.png\" class=\"elementor-animation-bob attachment-medium size-medium wp-image-13267\" alt=\"\" srcset=\"http:\/\/sicomerciolimeira.com.br\/sic\/wp-content\/uploads\/2022\/05\/mascote-sicomercio-copiarpng-1-293x300.png 293w, http:\/\/sicomerciolimeira.com.br\/sic\/wp-content\/uploads\/2022\/05\/mascote-sicomercio-copiarpng-1-665x680.png 665w, http:\/\/sicomerciolimeira.com.br\/sic\/wp-content\/uploads\/2022\/05\/mascote-sicomercio-copiarpng-1-768x785.png 768w, http:\/\/sicomerciolimeira.com.br\/sic\/wp-content\/uploads\/2022\/05\/mascote-sicomercio-copiarpng-1.png 1415w\" sizes=\"(max-width: 293px) 100vw, 293px\" \/>\t\t\t\t\t\t\t\t\t\t\t\t\t\t\t<\/div>\n\t\t\t\t<\/div>\n\t\t\t\t\t<\/div>\n\t\t<\/div>\n\t\t\t\t<div class=\"elementor-column elementor-col-50 elementor-inner-column elementor-element elementor-element-90138c4\" data-id=\"90138c4\" data-element_type=\"column\">\n\t\t\t<div class=\"elementor-widget-wrap elementor-element-populated\">\n\t\t\t\t\t\t<div class=\"elementor-element elementor-element-4413dd7 elementor-widget elementor-widget-elementskit-progressbar\" data-id=\"4413dd7\" data-element_type=\"widget\" data-widget_type=\"elementskit-progressbar.default\">\n\t\t\t\t<div class=\"elementor-widget-container\">\n\t\t\t\t\t<div class=\"ekit-wid-con\" >        <div class=\"waypoint-tigger\">\n            <div class=\"skillbar-group skilltrack-style2\" data-progress-bar=\"\">\n                <div class=\"single-skill-bar\">\n                                            <div class=\"skill-bar-content\">\n                            <span class=\"skill-title\">140 Lugares<\/span>\n                        <\/div><!-- .skill-bar-content END -->\n                        <div class=\"skill-bar\">\n                            <div class=\"skill-track\">\n                                \n                                <div class=\"number-percentage-wraper\">\n                                    <span class=\"number-percentage\" data-value=\"100\" data-animation-duration=\"3500\">0<\/span>%\n\n                                                                    <\/div>\n                            <\/div>\n                        <\/div><!-- .skill-bar END -->\n                                    <\/div><!-- .single-skill-bar END -->\n            <\/div><!-- .skillbar-group END -->\n        <\/div>\n        <\/div>\t\t\t\t<\/div>\n\t\t\t\t<\/div>\n\t\t\t\t<div class=\"elementor-element elementor-element-611e4c6 elementor-widget elementor-widget-elementskit-progressbar\" data-id=\"611e4c6\" data-element_type=\"widget\" data-widget_type=\"elementskit-progressbar.default\">\n\t\t\t\t<div class=\"elementor-widget-container\">\n\t\t\t\t\t<div class=\"ekit-wid-con\" >        <div class=\"waypoint-tigger\">\n            <div class=\"skillbar-group skilltrack-style2\" data-progress-bar=\"\">\n                <div class=\"single-skill-bar\">\n                                            <div class=\"skill-bar-content\">\n                            <span class=\"skill-title\">Equipamento de som<\/span>\n                        <\/div><!-- .skill-bar-content END -->\n                        <div class=\"skill-bar\">\n                            <div class=\"skill-track\">\n                                \n                                <div class=\"number-percentage-wraper\">\n                                    <span class=\"number-percentage\" data-value=\"100\" data-animation-duration=\"3500\">0<\/span>%\n\n                                                                    <\/div>\n                            <\/div>\n                        <\/div><!-- .skill-bar END -->\n                                    <\/div><!-- .single-skill-bar END -->\n            <\/div><!-- .skillbar-group END -->\n        <\/div>\n        <\/div>\t\t\t\t<\/div>\n\t\t\t\t<\/div>\n\t\t\t\t<div class=\"elementor-element elementor-element-8df1b53 elementor-widget elementor-widget-elementskit-progressbar\" data-id=\"8df1b53\" data-element_type=\"widget\" data-widget_type=\"elementskit-progressbar.default\">\n\t\t\t\t<div class=\"elementor-widget-container\">\n\t\t\t\t\t<div class=\"ekit-wid-con\" >        <div class=\"waypoint-tigger\">\n            <div class=\"skillbar-group skilltrack-style2\" data-progress-bar=\"\">\n                <div class=\"single-skill-bar\">\n                                            <div class=\"skill-bar-content\">\n                            <span class=\"skill-title\">Projetor de Imagens<\/span>\n                        <\/div><!-- .skill-bar-content END -->\n                        <div class=\"skill-bar\">\n                            <div class=\"skill-track\">\n                                \n                                <div class=\"number-percentage-wraper\">\n                                    <span class=\"number-percentage\" data-value=\"100\" data-animation-duration=\"3500\">0<\/span>%\n\n                                                                    <\/div>\n                            <\/div>\n                        <\/div><!-- .skill-bar END -->\n                                    <\/div><!-- .single-skill-bar END -->\n            <\/div><!-- .skillbar-group END -->\n        <\/div>\n        <\/div>\t\t\t\t<\/div>\n\t\t\t\t<\/div>\n\t\t\t\t<div class=\"elementor-element elementor-element-748a597 elementor-widget elementor-widget-elementskit-progressbar\" data-id=\"748a597\" data-element_type=\"widget\" data-widget_type=\"elementskit-progressbar.default\">\n\t\t\t\t<div class=\"elementor-widget-container\">\n\t\t\t\t\t<div class=\"ekit-wid-con\" >        <div class=\"waypoint-tigger\">\n            <div class=\"skillbar-group skilltrack-style2\" data-progress-bar=\"\">\n                <div class=\"single-skill-bar\">\n                                            <div class=\"skill-bar-content\">\n                            <span class=\"skill-title\">Ambiente Climatizado<\/span>\n                        <\/div><!-- .skill-bar-content END -->\n                        <div class=\"skill-bar\">\n                            <div class=\"skill-track\">\n                                \n                                <div class=\"number-percentage-wraper\">\n                                    <span class=\"number-percentage\" data-value=\"100\" data-animation-duration=\"3500\">0<\/span>%\n\n                                                                    <\/div>\n                            <\/div>\n                        <\/div><!-- .skill-bar END -->\n                                    <\/div><!-- .single-skill-bar END -->\n            <\/div><!-- .skillbar-group END -->\n        <\/div>\n        <\/div>\t\t\t\t<\/div>\n\t\t\t\t<\/div>\n\t\t\t\t\t<\/div>\n\t\t<\/div>\n\t\t\t\t\t<\/div>\n\t\t<\/section>\n\t\t\t\t\t<\/div>\n\t\t<\/div>\n\t\t\t\t\t<\/div>\n\t\t<\/section>\n\t\t\t\t<section class=\"elementor-section elementor-top-section elementor-element elementor-element-0999fd8 elementor-hidden-tablet elementor-hidden-phone elementor-section-boxed elementor-section-height-default elementor-section-height-default\" data-id=\"0999fd8\" data-element_type=\"section\">\n\t\t\t\t\t\t<div class=\"elementor-container elementor-column-gap-default\">\n\t\t\t\t\t<div class=\"elementor-column elementor-col-100 elementor-top-column elementor-element elementor-element-80a9dcb\" data-id=\"80a9dcb\" data-element_type=\"column\">\n\t\t\t<div class=\"elementor-widget-wrap elementor-element-populated\">\n\t\t\t\t\t\t<div class=\"elementor-element elementor-element-b314082 elementor-widget-divider--view-line elementor-widget elementor-widget-divider\" data-id=\"b314082\" data-element_type=\"widget\" data-widget_type=\"divider.default\">\n\t\t\t\t<div class=\"elementor-widget-container\">\n\t\t\t\t\t\t\t<div class=\"elementor-divider\">\n\t\t\t<span class=\"elementor-divider-separator\">\n\t\t\t\t\t\t<\/span>\n\t\t<\/div>\n\t\t\t\t\t\t<\/div>\n\t\t\t\t<\/div>\n\t\t\t\t\t<\/div>\n\t\t<\/div>\n\t\t\t\t\t<\/div>\n\t\t<\/section>\n\t\t\t\t<section class=\"elementor-section elementor-top-section elementor-element elementor-element-58d0dc9 elementor-section-height-min-height elementor-section-boxed elementor-section-height-default elementor-section-items-middle\" data-id=\"58d0dc9\" data-element_type=\"section\" data-settings=\"{&quot;background_background&quot;:&quot;classic&quot;}\">\n\t\t\t\t\t\t<div class=\"elementor-container elementor-column-gap-default\">\n\t\t\t\t\t<div class=\"elementor-column elementor-col-100 elementor-top-column elementor-element elementor-element-a567608\" data-id=\"a567608\" data-element_type=\"column\">\n\t\t\t<div class=\"elementor-widget-wrap elementor-element-populated\">\n\t\t\t\t\t\t<div class=\"elementor-element elementor-element-572a506 elementor-widget elementor-widget-heading\" data-id=\"572a506\" data-element_type=\"widget\" data-widget_type=\"heading.default\">\n\t\t\t\t<div class=\"elementor-widget-container\">\n\t\t\t\t\t<h2 class=\"elementor-heading-title elementor-size-default\">Fale conosco!<\/h2>\t\t\t\t<\/div>\n\t\t\t\t<\/div>\n\t\t\t\t<div class=\"elementor-element elementor-element-9e41726 elementor-widget elementor-widget-text-editor\" data-id=\"9e41726\" data-element_type=\"widget\" data-widget_type=\"text-editor.default\">\n\t\t\t\t<div class=\"elementor-widget-container\">\n\t\t\t\t\t\t\t\t\t<p>Entre em contato para obter informa\u00e7\u00f5es sobre todas as nossas salas dispon\u00edveis para loca\u00e7\u00e3o e reserve a sua data.<\/p>\t\t\t\t\t\t\t\t<\/div>\n\t\t\t\t<\/div>\n\t\t\t\t<div class=\"elementor-element elementor-element-7072fe0 elementor-align-center elementor-widget elementor-widget-button\" data-id=\"7072fe0\" data-element_type=\"widget\" data-widget_type=\"button.default\">\n\t\t\t\t<div class=\"elementor-widget-container\">\n\t\t\t\t\t\t\t\t\t<div class=\"elementor-button-wrapper\">\n\t\t\t\t\t<a class=\"elementor-button elementor-button-link elementor-size-lg\" href=\"https:\/\/api.whatsapp.com\/send?phone=5519994165559&#038;text=Ol%C3%A1%21+Como+podemos+te+ajudar%3F\">\n\t\t\t\t\t\t<span class=\"elementor-button-content-wrapper\">\n\t\t\t\t\t\t\t\t\t<span class=\"elementor-button-text\">Chamar no WhatsApp<\/span>\n\t\t\t\t\t<\/span>\n\t\t\t\t\t<\/a>\n\t\t\t\t<\/div>\n\t\t\t\t\t\t\t\t<\/div>\n\t\t\t\t<\/div>\n\t\t\t\t\t<\/div>\n\t\t<\/div>\n\t\t\t\t\t<\/div>\n\t\t<\/section>\n\t\t\t\t<\/div>\n\t\t","protected":false},"excerpt":{"rendered":"<p>servi\u00e7o Loca\u00e7\u00e3o de Salas O Sicom\u00e9rcio Limeira disponibiliza diversas Salas e seu Anfiteatro para Loca\u00e7\u00e3o. Anfiteatro 140 Lugares 0% Equipamento de som 0% Projetor de Imagens 0% Ambiente Climatizado 0% Fale conosco! Entre em contato para obter informa\u00e7\u00f5es sobre todas as nossas salas dispon\u00edveis para loca\u00e7\u00e3o e reserve a sua data. Chamar no WhatsApp<\/p>\n","protected":false},"author":2,"featured_media":0,"parent":0,"menu_order":0,"comment_status":"closed","ping_status":"closed","template":"elementor_header_footer","meta":{"_kad_post_transparent":"","_kad_post_title":"hide","_kad_post_layout":"fullwidth","_kad_post_sidebar_id":"","_kad_post_content_style":"unboxed","_kad_post_vertical_padding":"hide","_kad_post_feature":"hide","_kad_post_feature_position":"","_kad_post_header":false,"_kad_post_footer":false,"_joinchat":[],"footnotes":""},"class_list":["post-13429","page","type-page","status-publish","hentry"],"_links":{"self":[{"href":"http:\/\/sicomerciolimeira.com.br\/sic\/wp-json\/wp\/v2\/pages\/13429","targetHints":{"allow":["GET"]}}],"collection":[{"href":"http:\/\/sicomerciolimeira.com.br\/sic\/wp-json\/wp\/v2\/pages"}],"about":[{"href":"http:\/\/sicomerciolimeira.com.br\/sic\/wp-json\/wp\/v2\/types\/page"}],"author":[{"embeddable":true,"href":"http:\/\/sicomerciolimeira.com.br\/sic\/wp-json\/wp\/v2\/users\/2"}],"replies":[{"embeddable":true,"href":"http:\/\/sicomerciolimeira.com.br\/sic\/wp-json\/wp\/v2\/comments?post=13429"}],"version-history":[{"count":25,"href":"http:\/\/sicomerciolimeira.com.br\/sic\/wp-json\/wp\/v2\/pages\/13429\/revisions"}],"predecessor-version":[{"id":14286,"href":"http:\/\/sicomerciolimeira.com.br\/sic\/wp-json\/wp\/v2\/pages\/13429\/revisions\/14286"}],"wp:attachment":[{"href":"http:\/\/sicomerciolimeira.com.br\/sic\/wp-json\/wp\/v2\/media?parent=13429"}],"curies":[{"name":"wp","href":"https:\/\/api.w.org\/{rel}","templated":true}]}}